{"id":16357,"date":"2016-02-22T15:04:55","date_gmt":"2016-02-22T14:04:55","guid":{"rendered":"http:\/\/gtge.ch\/unser-angebot\/"},"modified":"2022-03-22T12:43:56","modified_gmt":"2022-03-22T11:43:56","slug":"unser-angebot","status":"publish","type":"page","link":"https:\/\/gtge.ch\/de\/unser-angebot\/","title":{"rendered":"UNSER ANGEBOT"},"content":{"rendered":"<p>[vc_row css_animation=&#8220;&#8220; row_type=&#8220;row&#8220; use_row_as_full_screen_section=&#8220;no&#8220; type=&#8220;grid&#8220; angled_section=&#8220;no&#8220; text_align=&#8220;left&#8220; background_image_as_pattern=&#8220;without_pattern&#8220; z_index=&#8220;&#8220; el_id=&#8220;partenaires&#8220;][vc_column][vc_empty_space][vc_column_text]<\/p>\n<h3 style=\"text-align: center;\"><span style=\"color: #f06600;\">SERVICE<\/span><\/h3>\n<p>[\/vc_column_text][vc_separator type=&#8220;transparent&#8220;][vc_column_text]<\/p>\n<p>Wir sind haupts\u00e4chlich in der <span style=\"color: #0c3183;\"><strong>\u00dcbersetzung<\/strong> <\/span>t\u00e4tig. Aber unser Sperberauge ist auch mit <span style=\"color: #0c3183;\"><strong>Textrevision und Lektorat<\/strong><\/span> vertraut. Daneben \u00fcbernehmen wir <span style=\"color: #0c3183;\"><strong>Terminologie-, Post-Editing- und Redaktionsauftr\u00e4ge<\/strong><\/span>.<\/p>\n<div id=\"gtx-trans\" style=\"position: absolute; left: 202px; top: 318px;\">\n<div class=\"gtx-trans-icon\"><\/div>\n<\/div>\n<p>[\/vc_column_text][vc_empty_space][\/vc_column][\/vc_row][vc_row css_animation=&#8220;&#8220; row_type=&#8220;row&#8220; use_row_as_full_screen_section=&#8220;no&#8220; type=&#8220;grid&#8220; angled_section=&#8220;no&#8220; text_align=&#8220;left&#8220; background_image_as_pattern=&#8220;without_pattern&#8220; z_index=&#8220;&#8220; css=&#8220;.vc_custom_1597658879976{background-color: #f7f7f7 !important;}&#8220;][vc_column][vc_empty_space][vc_empty_space][vc_row_inner row_type=&#8220;row&#8220; type=&#8220;full_width&#8220; text_align=&#8220;left&#8220; css_animation=&#8220;&#8220; el_id=&#8220;groupe&#8220;][vc_column_inner width=&#8220;1\/2&#8243;][vc_empty_space][vc_column_text]<\/p>\n<h3 style=\"text-align: center;\"><span style=\"color: #f06600;\">\u00dcbersetzung<\/span><\/h3>\n<p>[\/vc_column_text][vc_empty_space][vc_column_text]Als Profis \u00fcbersetzen wir ausschliesslich in unsere Muttersprache: <span style=\"color: #0c3183;\"><strong>Deutsch<\/strong> <\/span>und <span style=\"color: #0c3183;\"><strong>Franz\u00f6sisch,<\/strong> <strong>Englisch<\/strong>, <strong>Italienisch<\/strong><\/span> und <span style=\"color: #0c3183;\"><strong>Spanisch<\/strong><\/span>. Alle Sprachkombinationen finden Sie in der Rubrik \u00ab<a href=\"http:\/\/gtge.ch\/de\/ueber-uns\/\">\u00dcber uns<\/a>\u00bb.<\/p>\n<p>&nbsp;<\/p>\n<p>Vereidigte \u00dcbersetzungen bieten wir lediglich f\u00fcr das Sprachpaar <span style=\"color: #0c3183;\"><strong>Deutsch-Franz\u00f6sisch<\/strong><\/span> an. Weitere Sprachkombinationen finden Sie auf der <a href=\"https:\/\/www.ge.ch\/document\/traductrices-traducteurs-jures\" target=\"_blank\" rel=\"noopener\">Website des Kantons Genf<\/a>.<\/p>\n<div id=\"gtx-trans\" style=\"position: absolute; left: 399px; top: 374px;\">\n<div class=\"gtx-trans-icon\"><\/div>\n<\/div>\n<p>[\/vc_column_text][vc_empty_space][\/vc_column_inner][vc_column_inner width=&#8220;1\/2&#8243;][vc_single_image image=&#8220;16077&#8243; img_size=&#8220;full&#8220; qode_css_animation=&#8220;&#8220;][\/vc_column_inner][\/vc_row_inner][vc_empty_space][vc_empty_space][\/vc_column][\/vc_row][vc_row css_animation=&#8220;&#8220; row_type=&#8220;row&#8220; use_row_as_full_screen_section=&#8220;no&#8220; type=&#8220;full_width&#8220; angled_section=&#8220;no&#8220; text_align=&#8220;left&#8220; background_image_as_pattern=&#8220;without_pattern&#8220; z_index=&#8220;&#8220;][vc_column][vc_empty_space][vc_empty_space][vc_row_inner row_type=&#8220;row&#8220; type=&#8220;grid&#8220; text_align=&#8220;left&#8220; css_animation=&#8220;&#8220;][vc_column_inner width=&#8220;1\/2&#8243;][vc_single_image image=&#8220;16084&#8243; img_size=&#8220;full&#8220; qode_css_animation=&#8220;&#8220;][\/vc_column_inner][vc_column_inner width=&#8220;1\/2&#8243;][vc_empty_space][vc_column_text]<\/p>\n<h3 style=\"text-align: center;\"><span style=\"color: #f06600;\">Textrevision<\/span><\/h3>\n<p>[\/vc_column_text][vc_empty_space][vc_column_text]<span style=\"color: #0c3183;\"><strong>\u00dcbersetzungen revidieren wir<\/strong> <\/span>unvoreingenommen und mit scharfem Blick. <span style=\"color: #0c3183;\"><strong>Wir vergleichen Ausgangs- und Zieltext miteinander<\/strong><\/span> und suchen akribisch nach Fehlern und Ungereimtheiten: <span style=\"color: #0c3183;\"><strong>inhaltlich<\/strong> <\/span>(Widersinn, Sinnfehler, Sinnverschiebungen), <span style=\"color: #0c3183;\"><strong>stilistisch<\/strong> <\/span>(ungeschickte, unidiomatische Wendungen) und <span style=\"color: #0c3183;\"><strong>formal<\/strong><\/span> (Rechtschreibung, Grammatik, Sprachweisungen). Je nach Wunsch gehen wir dabei mehr oder weniger in die Tiefe.<\/p>\n<p><span style=\"color: #0c3180;\"><strong><a href=\"http:\/\/gtge.ch\/de\/ueber-uns\/\">Hier<\/a> finden Sie alle Sprachkombinationen.<\/strong><\/span>[\/vc_column_text][vc_empty_space][\/vc_column_inner][\/vc_row_inner][vc_empty_space][vc_empty_space][\/vc_column][\/vc_row][vc_row css_animation=&#8220;&#8220; row_type=&#8220;row&#8220; use_row_as_full_screen_section=&#8220;no&#8220; type=&#8220;grid&#8220; angled_section=&#8220;no&#8220; text_align=&#8220;left&#8220; background_image_as_pattern=&#8220;without_pattern&#8220; z_index=&#8220;&#8220; css=&#8220;.vc_custom_1597696037246{background-color: #f7f7f7 !important;}&#8220;][vc_column][vc_empty_space][vc_empty_space][vc_row_inner row_type=&#8220;row&#8220; type=&#8220;full_width&#8220; text_align=&#8220;left&#8220; css_animation=&#8220;&#8220;][vc_column_inner width=&#8220;1\/2&#8243;][vc_empty_space][vc_column_text]<\/p>\n<h3 style=\"text-align: center;\"><span style=\"color: #f06600;\">Lektorat, Korrektorat<\/span><\/h3>\n<p>[\/vc_column_text][vc_empty_space][vc_column_text]F\u00fcr uns als <span style=\"color: #0c3183;\"><strong>Sprachprofis<\/strong> <\/span>ist die Suche nach den <span style=\"color: #0c3183;\"><strong>gel\u00e4ufigsten, sinnvollsten Wendungen<\/strong><\/span>, die sich f\u00fcr den Kontext und das Zielpublikum am besten eignen, unser t\u00e4gliches Brot. Beim \u00dcbersetzen und Revidieren setzen wir alles daran, auch im Ausgangstext genau auf allf\u00e4llige Ungenauigkeiten und Fehler zu achten.<\/p>\n<p>So k\u00e4mmen wir Ihre Texte auch auf geringf\u00fcgigste <span style=\"color: #0c3183;\"><strong>Fl\u00fcchtigkeitsfehler<\/strong> <\/span>durch und unterbreiten Ihnen einen geeigneten <span style=\"color: #0c3183;\"><strong>Verbesserungsvorschlag<\/strong><\/span>.<\/p>\n<p>[\/vc_column_text][vc_empty_space][\/vc_column_inner][vc_column_inner width=&#8220;1\/2&#8243;][vc_single_image image=&#8220;16090&#8243; img_size=&#8220;full&#8220; qode_css_animation=&#8220;&#8220;][\/vc_column_inner][\/vc_row_inner][vc_empty_space][vc_empty_space][\/vc_column][\/vc_row][vc_row css_animation=&#8220;&#8220; row_type=&#8220;row&#8220; use_row_as_full_screen_section=&#8220;no&#8220; type=&#8220;grid&#8220; angled_section=&#8220;no&#8220; text_align=&#8220;left&#8220; background_image_as_pattern=&#8220;without_pattern&#8220; z_index=&#8220;&#8220; el_id=&#8220;themengebiete&#8220;][vc_column][vc_empty_space][vc_column_text]<\/p>\n<h3 style=\"text-align: center;\"><span style=\"color: #f06600;\">UNSERE FACHBEREICHE<\/span><\/h3>\n<p>[\/vc_column_text][vc_empty_space][vc_row_inner row_type=&#8220;row&#8220; type=&#8220;full_width&#8220; text_align=&#8220;left&#8220; css_animation=&#8220;&#8220;][vc_column_inner][vc_column_text css=&#8220;.vc_custom_1612989732092{margin-right: 5px !important;margin-left: 5px !important;border-right-width: 5px !important;border-left-width: 5px !important;}&#8220;]<\/p>\n<p style=\"text-align: left;\">Wir arbeiten haupts\u00e4chlich in folgenden Fachbereichen:<\/p>\n<ul>\n<li style=\"text-align: left;\"><span style=\"color: #000000;\">Medien und Kommunikation<\/span><\/li>\n<li style=\"text-align: left;\"><span style=\"color: #000000;\">\u00d6ffentlicher Verkehr und Langsamverkehr<\/span><\/li>\n<li style=\"text-align: left;\"><span style=\"color: #000000;\">Schulung und Bildung<\/span><\/li>\n<li style=\"text-align: left;\"><span style=\"color: #000000;\">Gesundheit und Umwelt<\/span><\/li>\n<li style=\"text-align: left;\"><span style=\"color: #000000;\">Soziales und Humanit\u00e4res<\/span><\/li>\n<li style=\"text-align: left;\"><span style=\"color: #000000;\">Tourismus und Kultur<\/span><\/li>\n<li style=\"text-align: left;\"><span style=\"color: #000000;\">Verwaltung und Recht<\/span><\/li>\n<li style=\"text-align: left;\"><span style=\"color: #000000;\">Bau und Raumgestaltung<\/span><\/li>\n<\/ul>\n<p><span style=\"color: #0c3180;\"><span style=\"color: #000000;\">Mehr zu den Themenbereichen der \u00dcbersetzergruppe und unserer Partnerinnen und Partner gibt es <a href=\"http:\/\/gtge.ch\/de\/ueber-uns\/\">hier<\/a>.<\/span><strong><br \/>\n<\/strong><\/span><\/p>\n<p>[\/vc_column_text][\/vc_column_inner][\/vc_row_inner][vc_empty_space][vc_empty_space][\/vc_column][\/vc_row][vc_row css_animation=&#8220;&#8220; row_type=&#8220;row&#8220; use_row_as_full_screen_section=&#8220;no&#8220; type=&#8220;grid&#8220; angled_section=&#8220;no&#8220; text_align=&#8220;left&#8220; background_image_as_pattern=&#8220;without_pattern&#8220; z_index=&#8220;&#8220; css=&#8220;.vc_custom_1597696057001{background-color: #f7f7f7 !important;}&#8220;][vc_column][vc_empty_space][vc_empty_space][vc_column_text]<\/p>\n<h3 style=\"text-align: center;\"><span style=\"color: #f06600;\">UNSERE PREISE<br \/>\n<\/span><\/h3>\n<p>[\/vc_column_text][vc_empty_space][vc_row_inner row_type=&#8220;row&#8220; type=&#8220;full_width&#8220; text_align=&#8220;left&#8220; css_animation=&#8220;&#8220;][vc_column_inner width=&#8220;1\/2&#8243;][vc_empty_space height=&#8220;16px&#8220;][vc_column_text css=&#8220;.vc_custom_1612985265744{margin-right: 5px !important;margin-left: 5px !important;border-right-width: 5px !important;border-left-width: 5px !important;}&#8220;]<\/p>\n<p><span style=\"color: #0c3183;\"><strong>Offerte (\u00dcbersetzung, Revision):<br \/>\n&gt; <\/strong><\/span>Gratis.<span style=\"color: #0c3183;\"><strong><br \/>\n<\/strong><\/span>&gt; <a href=\"http:\/\/gtge.ch\/de\/kontakt\/\">Offerte beantragen<\/a>. Bitte Ausgangs- und Zielsprache, Anzahl Zeichen (inkl. Leerschl\u00e4ge) und Terminwunsch angeben.<\/p>\n<p><span style=\"color: #0c3183;\"><strong>\u00dcbersetzung:<\/strong> <\/span>Standard-Zeile des Ausgangstextes (55\u00a0Zeichen inkl. Leerschl\u00e4ge):<br \/>\n&gt; CHF 3.20 (Grundtarif) bis CHF 4.20 (spezialisierte Texte)<br \/>\n&gt; Mindestansatz: CHF\u00a050.00<\/p>\n<p><span style=\"color: #0c3183;\"><strong>Stundenansatz:<\/strong> <\/span>\u00dcbersetzung, Revision, Redaktion:<br \/>\n&gt; CHF\u00a0100.00<\/p>\n<p><span style=\"color: #0c3183;\"><strong>Zuschl\u00e4ge:<\/strong> <\/span>Express und Wochenenden:<br \/>\n&gt; +50 % bis +100 %.<\/p>\n<p><span style=\"color: #0c3183;\"><strong>Spezialtarife:<\/strong> <\/span>Tiefere Tarife sind f\u00fcr Non-Profit-Organisationen und kleinere Budgets m\u00f6glich.<br \/>\n&gt; <a href=\"http:\/\/gtge.ch\/de\/kontakt\/\">Bitte kontaktieren Sie uns<\/a>.<\/p>\n<p>Alle Tarife zuz\u00fcglich MwSt.<\/p>\n<p>[\/vc_column_text][\/vc_column_inner][vc_column_inner width=&#8220;1\/2&#8243;][vc_empty_space height=&#8220;16px&#8220;][vc_single_image image=&#8220;16141&#8243; img_size=&#8220;full&#8220; qode_css_animation=&#8220;&#8220;][\/vc_column_inner][\/vc_row_inner][vc_empty_space][vc_empty_space][\/vc_column][\/vc_row]<\/p>\n","protected":false},"excerpt":{"rendered":"<p>[vc_row css_animation=&#8220;&#8220; row_type=&#8220;row&#8220; use_row_as_full_screen_section=&#8220;no&#8220; type=&#8220;grid&#8220; angled_section=&#8220;no&#8220; text_align=&#8220;left&#8220; background_image_as_pattern=&#8220;without_pattern&#8220; z_index=&#8220;&#8220; el_id=&#8220;partenaires&#8220;][vc_column][vc_empty_space][vc_column_text] SERVICE [\/vc_column_text][vc_separator type=&#8220;transparent&#8220;][vc_column_text] Wir sind haupts\u00e4chlich in der \u00dcbersetzung t\u00e4tig. Aber unser Sperberauge ist auch mit Textrevision und Lektorat vertraut. Daneben \u00fcbernehmen wir Terminologie-, Post-Editing- und Redaktionsauftr\u00e4ge. [\/vc_column_text][vc_empty_space][\/vc_column][\/vc_row][vc_row css_animation=&#8220;&#8220; row_type=&#8220;row&#8220; use_row_as_full_screen_section=&#8220;no&#8220; type=&#8220;grid&#8220; angled_section=&#8220;no&#8220; text_align=&#8220;left&#8220; background_image_as_pattern=&#8220;without_pattern&#8220;&#8230;<\/p>\n","protected":false},"author":1,"featured_media":0,"parent":0,"menu_order":0,"comment_status":"closed","ping_status":"closed","template":"full_width.php","meta":{"_oct_exclude_from_cache":false,"footnotes":""},"class_list":["post-16357","page","type-page","status-publish","hentry"],"_links":{"self":[{"href":"https:\/\/gtge.ch\/de\/wp-json\/wp\/v2\/pages\/16357"}],"collection":[{"href":"https:\/\/gtge.ch\/de\/wp-json\/wp\/v2\/pages"}],"about":[{"href":"https:\/\/gtge.ch\/de\/wp-json\/wp\/v2\/types\/page"}],"author":[{"embeddable":true,"href":"https:\/\/gtge.ch\/de\/wp-json\/wp\/v2\/users\/1"}],"replies":[{"embeddable":true,"href":"https:\/\/gtge.ch\/de\/wp-json\/wp\/v2\/comments?post=16357"}],"version-history":[{"count":0,"href":"https:\/\/gtge.ch\/de\/wp-json\/wp\/v2\/pages\/16357\/revisions"}],"wp:attachment":[{"href":"https:\/\/gtge.ch\/de\/wp-json\/wp\/v2\/media?parent=16357"}],"curies":[{"name":"wp","href":"https:\/\/api.w.org\/{rel}","templated":true}]}}