{"id":16339,"date":"2016-02-22T15:19:34","date_gmt":"2016-02-22T14:19:34","guid":{"rendered":"http:\/\/gtge.ch\/philosophie-und-staerken\/"},"modified":"2021-03-15T16:40:29","modified_gmt":"2021-03-15T15:40:29","slug":"philosophie-und-staerken","status":"publish","type":"page","link":"https:\/\/gtge.ch\/de\/philosophie-und-staerken\/","title":{"rendered":"PHILOSOPHIE UND ST\u00c4RKEN"},"content":{"rendered":"<p>[vc_row css_animation=&#8220;&#8220; row_type=&#8220;row&#8220; use_row_as_full_screen_section=&#8220;no&#8220; type=&#8220;full_width&#8220; angled_section=&#8220;no&#8220; text_align=&#8220;left&#8220; background_image_as_pattern=&#8220;without_pattern&#8220;][vc_column][vc_empty_space][\/vc_column][\/vc_row][vc_row css_animation=&#8220;&#8220; row_type=&#8220;row&#8220; use_row_as_full_screen_section=&#8220;no&#8220; type=&#8220;full_width&#8220; angled_section=&#8220;no&#8220; text_align=&#8220;left&#8220; background_image_as_pattern=&#8220;without_pattern&#8220;][vc_column][vc_column_text]<\/p>\n<h3 id=\"fonctionnement\" style=\"text-align: center;\"><span style=\"color: #000000;\"><span style=\"color: #f06600;\">SO FUNKTIONIEREN WIR<\/span><strong><br \/>\n<\/strong><\/span><\/h3>\n<div id=\"gtx-trans\" style=\"position: absolute; left: 80px; top: -6.28125px;\">\n<div class=\"gtx-trans-icon\"><\/div>\n<\/div>\n<p>[\/vc_column_text][vc_separator type=&#8220;transparent&#8220;][vc_column_text]<\/p>\n<p style=\"text-align: center;\">Lorsque le GTGE a \u00e9t\u00e9 cr\u00e9\u00e9 en 2007, l\u2019objectif \u00e9tait de <span style=\"color: #0c3183;\"><strong>combiner les avantages du statut d\u2019ind\u00e9pendant\u2219e<\/strong><\/span>, tant pour les clients que pour nous en tant que prestataires, <span style=\"color: #0c3183;\"><strong>et les nombreux atouts du collectif<\/strong><\/span>, notamment la mise en commun des ressources mat\u00e9rielles (bureau et \u00e9quipements, site Internet, etc.) et immat\u00e9rielles (portefeuille de clients, \u00e9change de bonnes pratiques et de connaissances, relectures mutuelles, dynamisme et motivation, gain de visibilit\u00e9, convivialit\u00e9, etc.).<\/p>\n<p>&nbsp;<\/p>\n<p style=\"text-align: center;\">Ce fonctionnement a depuis fait ses preuves: nous avons eu maintes occasions de constater la justesse de l\u2019expression \u00ab<span style=\"color: #0c3183;\"><strong>l\u2019union fait la force<\/strong><\/span>\u00bb, mais aussi de nous r\u00e9jouir de l\u2019<span style=\"color: #0c3183;\"><strong>agilit\u00e9 de notre structure<\/strong><\/span>. Nous cr\u00e9ons des synergies en f\u00e9d\u00e9rant nos forces et nos centres d\u2019int\u00e9r\u00eat tout en \u00e9vitant les contraintes administratives et manag\u00e9riales. Nous avons ainsi plus de temps \u00e0 consacrer \u00e0 notre client\u00e8le, et \u00e0 l\u2019incarnation de nos valeurs.<\/p>\n<p>[\/vc_column_text][vc_empty_space][vc_empty_space][\/vc_column][\/vc_row][vc_row css_animation=&#8220;&#8220; row_type=&#8220;row&#8220; use_row_as_full_screen_section=&#8220;no&#8220; type=&#8220;full_width&#8220; angled_section=&#8220;no&#8220; text_align=&#8220;left&#8220; background_image_as_pattern=&#8220;without_pattern&#8220;][vc_column][vc_column_text]<\/p>\n<h3 id=\"valeurs\" style=\"text-align: left;\"><span style=\"color: #f06600;\">UNSERE WERTE<\/span><\/h3>\n<div id=\"gtx-trans\" style=\"position: absolute; left: 17px; top: -6.28125px;\">\n<div class=\"gtx-trans-icon\"><\/div>\n<\/div>\n<p>[\/vc_column_text][vc_separator type=&#8220;transparent&#8220;][vc_column_text]La long\u00e9vit\u00e9 d\u2019une structure d\u00e9pend d\u2019un certain nombre de facteurs. Au GTGE, nous avons toujours accord\u00e9 une importance primordiale \u00e0 l\u2019application et \u00e0 l\u2019incarnation de <span style=\"color: #0c3183;\"><strong>valeurs communes<\/strong><\/span>. Celles-ci orientent au quotidien notre action, notre communication et notre positionnement vis-\u00e0-vis de nos clients et de nos partenaires.[\/vc_column_text][vc_empty_space][\/vc_column][\/vc_row][vc_row css_animation=&#8220;&#8220; row_type=&#8220;row&#8220; use_row_as_full_screen_section=&#8220;no&#8220; type=&#8220;full_width&#8220; angled_section=&#8220;no&#8220; text_align=&#8220;left&#8220; background_image_as_pattern=&#8220;without_pattern&#8220;][vc_column width=&#8220;1\/2&#8243;][vc_single_image image=&#8220;16039&#8243; img_size=&#8220;640&#215;437&#8243; alignment=&#8220;center&#8220; qode_css_animation=&#8220;&#8220;][vc_separator type=&#8220;transparent&#8220;][vc_column_text]<\/p>\n<h4 id=\"valeurs\" style=\"text-align: left;\"><span style=\"color: #f06600;\"><strong>Menschlichkeit<\/strong><\/span><\/h4>\n<div id=\"gtx-trans\" style=\"position: absolute; left: 65px; top: 43.7188px;\">\n<div class=\"gtx-trans-icon\"><\/div>\n<\/div>\n<p>[\/vc_column_text][vc_separator type=&#8220;transparent&#8220;][vc_column_text]Nous accordons une <span style=\"color: #0c3183;\"><strong>grande importance \u00e0 l\u2019humain<\/strong><\/span> derri\u00e8re chaque courriel, chaque texte, chaque mandat, chaque partenariat. Nous traitons nos interlocuteurs et interlocutrices avec respect, en leur accordant toute l\u2019attention qui leur est due. Nous appliquons \u00e9galement cette valeur \u00e0 nous-m\u00eames, en respectant nos aspirations, nos besoins et nos limites.[\/vc_column_text][vc_empty_space][vc_empty_space][\/vc_column][vc_column width=&#8220;1\/2&#8243;][vc_single_image image=&#8220;16102&#8243; img_size=&#8220;640&#215;437&#8243; alignment=&#8220;center&#8220; qode_css_animation=&#8220;&#8220;][vc_separator type=&#8220;transparent&#8220;][vc_column_text]<\/p>\n<h4 id=\"valeurs\" style=\"text-align: left;\"><span style=\"color: #f06600;\"><strong>Verl\u00e4sslichkeit<\/strong><\/span><\/h4>\n<div id=\"gtx-trans\" style=\"position: absolute; left: 59px; top: 43.7188px;\">\n<div class=\"gtx-trans-icon\"><\/div>\n<\/div>\n<p>[\/vc_column_text][vc_separator type=&#8220;transparent&#8220;][vc_column_text]Fort\u00b7e\u00b7s de notre exp\u00e9rience et de nos qualifications, nous ex\u00e9cutons les mandats qui nous sont confi\u00e9s avec <span style=\"color: #0c3183;\"><strong>comp\u00e9tence et professionnalisme<\/strong><\/span>, en veillant \u00e0 la <span style=\"color: #0c3183;\"><strong>fid\u00e9lit\u00e9<\/strong> <\/span>de sens et de style avec le texte source, \u00e0 la <span style=\"color: #0c3183;\"><strong>pr\u00e9cision<\/strong><\/span> terminologique, \u00e0 l\u2019<span style=\"color: #0c3183;\"><strong>impeccabilit\u00e9<\/strong><\/span> formelle du texte cible et au <strong><span style=\"color: #0c3183;\">respect des d\u00e9lais<\/span><\/strong> convenus.[\/vc_column_text][vc_empty_space][vc_empty_space][\/vc_column][\/vc_row][vc_row css_animation=&#8220;&#8220; row_type=&#8220;row&#8220; use_row_as_full_screen_section=&#8220;no&#8220; type=&#8220;full_width&#8220; angled_section=&#8220;no&#8220; text_align=&#8220;left&#8220; background_image_as_pattern=&#8220;without_pattern&#8220;][vc_column width=&#8220;1\/2&#8243;][vc_single_image image=&#8220;16095&#8243; img_size=&#8220;640&#215;437&#8243; alignment=&#8220;center&#8220; qode_css_animation=&#8220;&#8220;][vc_separator type=&#8220;transparent&#8220;][vc_column_text]<\/p>\n<h4 id=\"valeurs\" style=\"text-align: left;\"><span style=\"color: #f06600;\"><strong>Qualit\u00e4t<\/strong><\/span><\/h4>\n<div id=\"gtx-trans\" style=\"position: absolute; left: 16px; top: -6.28125px;\">\n<div class=\"gtx-trans-icon\"><\/div>\n<\/div>\n<p>[\/vc_column_text][vc_separator type=&#8220;transparent&#8220;][vc_column_text]Notre d\u00e9marche d\u2019assurance qualit\u00e9 repose sur l\u2019<span style=\"color: #0c3183;\"><strong>utilisation syst\u00e9matique d\u2019outils de TAO<\/strong><\/span> (traduction assist\u00e9e par ordinateur) et la gestion de ceux-ci (mise \u00e0 jour des m\u00e9moires, cr\u00e9ation de dictionnaires terminologiques, etc.). Nous sommes ainsi en mesure de garantir l\u2019<span style=\"color: #0c3183;\"><strong>harmonisation terminologique et stylistique des textes cibles<\/strong><\/span>, quel\u2219le que soit la traductrice ou le traducteur ex\u00e9cutant\u2219e. Nous disposons de partenariats de relecture en interne ou en externe afin d\u2019appliquer, dans la mesure du possible, le principe des quatre yeux.[\/vc_column_text][vc_empty_space][vc_empty_space][\/vc_column][vc_column width=&#8220;1\/2&#8243;][vc_single_image image=&#8220;16033&#8243; img_size=&#8220;640&#215;437&#8243; alignment=&#8220;center&#8220; qode_css_animation=&#8220;&#8220;][vc_separator type=&#8220;transparent&#8220;][vc_column_text]<\/p>\n<h4 id=\"valeurs\" style=\"text-align: left;\"><span style=\"color: #f06600;\"><strong>Transparenz<\/strong><\/span><\/h4>\n<div id=\"gtx-trans\" style=\"position: absolute; left: 80px; top: -6.28125px;\">\n<div class=\"gtx-trans-icon\"><\/div>\n<\/div>\n<p>[\/vc_column_text][vc_separator type=&#8220;transparent&#8220;][vc_column_text]Nos clients savent toujours <span style=\"color: #0c3183;\"><strong>qui ex\u00e9cute le mandat<\/strong><\/span> confi\u00e9 et peuvent entretenir des <span style=\"color: #0c3183;\"><strong>contacts directs<\/strong><\/span> avec les personnes concern\u00e9es: sans interm\u00e9diaires, <span style=\"color: #0c3183;\"><strong>clart\u00e9 et r\u00e9activit\u00e9<\/strong><\/span> sont garanties.<\/p>\n<p>Nos <span style=\"color: #0c3183;\"><strong>partenaires<\/strong><\/span> b\u00e9n\u00e9ficient d\u2019une gestion de projet transparente et d\u2019une v\u00e9ritable <span style=\"color: #0c3183;\"><strong>visibilit\u00e9<\/strong><\/span> vis-\u00e0-vis des clients: ils ou elles ne sont pas de simples ex\u00e9cutant\u00b7e\u00b7s de l\u2019ombre.[\/vc_column_text][vc_empty_space][vc_empty_space][\/vc_column][\/vc_row][vc_row css_animation=&#8220;&#8220; row_type=&#8220;row&#8220; use_row_as_full_screen_section=&#8220;no&#8220; type=&#8220;full_width&#8220; angled_section=&#8220;no&#8220; text_align=&#8220;left&#8220; background_image_as_pattern=&#8220;without_pattern&#8220;][vc_column][vc_empty_space][vc_empty_space][vc_column_text]<\/p>\n<h3 id=\"points_forts\" style=\"text-align: center;\"><span style=\"color: #f06600;\">UNSERE ST\u00c4RKEN<\/span><\/h3>\n<div id=\"gtx-trans\" style=\"position: absolute; left: 74px; top: 43.7188px;\">\n<div class=\"gtx-trans-icon\"><\/div>\n<\/div>\n<p>[\/vc_column_text][vc_separator type=&#8220;transparent&#8220;][vc_column_text]Le GTGE se distingue non seulement par les valeurs qu\u2019il incarne mais aussi par les atouts que lui conf\u00e8rent ses principes et son mode de fonctionnement:<span style=\"color: #0c3183;\"> <strong>agilit\u00e9<\/strong><\/span>, <strong><span style=\"color: #0c3183;\">coop\u00e9ration<\/span><\/strong> et \u00ab<span style=\"color: #0c3183;\"><strong>suissitude<\/strong><\/span>\u00bb en sont les ma\u00eetres mots.[\/vc_column_text][vc_empty_space][vc_separator type=&#8220;transparent&#8220;][\/vc_column][\/vc_row][vc_row css_animation=&#8220;&#8220; row_type=&#8220;row&#8220; use_row_as_full_screen_section=&#8220;no&#8220; type=&#8220;full_width&#8220; angled_section=&#8220;no&#8220; text_align=&#8220;left&#8220; background_image_as_pattern=&#8220;without_pattern&#8220;][vc_column width=&#8220;1\/3&#8243;][vc_single_image image=&#8220;16036&#8243; img_size=&#8220;640&#215;480&#8243; alignment=&#8220;center&#8220; qode_css_animation=&#8220;&#8220;][vc_separator type=&#8220;transparent&#8220;][vc_column_text]<\/p>\n<h4 id=\"valeurs\" style=\"text-align: left;\"><span style=\"color: #f06600;\"><strong>Flinkheit<\/strong><\/span><\/h4>\n<div id=\"gtx-trans\" style=\"position: absolute; left: 41px; top: 43.2656px;\">\n<div class=\"gtx-trans-icon\"><\/div>\n<\/div>\n<p>[\/vc_column_text][vc_separator type=&#8220;transparent&#8220;][vc_column_text]La l\u00e9g\u00e8ret\u00e9 de notre structure nous permet d\u2019\u00eatre <strong><span style=\"color: #0c3183;\">r\u00e9actifs<\/span><\/strong> et de nous adapter facilement et rapidement aux besoins de nos clients. Les traducteurs et les traductrices ex\u00e9cutant\u2219e\u2219s sont directement accessibles et conviennent de <span style=\"color: #0c3183;\"><strong>solutions individuelles<\/strong><\/span> avec les clients. Selon les circonstances ou les demandes particuli\u00e8res, nous pouvons \u00e9galement assurer une <span style=\"color: #0c3183;\"><strong>gestion de projet centralis\u00e9e<\/strong><\/span> dans une optique de guichet unique.[\/vc_column_text][vc_empty_space][vc_empty_space][\/vc_column][vc_column width=&#8220;1\/3&#8243;][vc_single_image image=&#8220;16030&#8243; img_size=&#8220;640&#215;480&#8243; alignment=&#8220;center&#8220; qode_css_animation=&#8220;&#8220;][vc_separator type=&#8220;transparent&#8220;][vc_column_text]<\/p>\n<h4 id=\"valeurs\" style=\"text-align: left;\"><span style=\"color: #f06600;\"><strong>Kooperation<\/strong><\/span><\/h4>\n<div id=\"gtx-trans\" style=\"position: absolute; left: 45px; top: 43.7188px;\">\n<div class=\"gtx-trans-icon\"><\/div>\n<\/div>\n<p>[\/vc_column_text][vc_separator type=&#8220;transparent&#8220;][vc_column_text]Le GTGE est en soi une <span style=\"color: #0c3183;\"><strong>structure de coop\u00e9ration<\/strong><\/span>, au sein de laquelle chaque membre est sur un pied d\u2019\u00e9galit\u00e9. Les d\u00e9cisions se prennent \u00e0 l\u2019<span style=\"color: #0c3183;\"><strong>unanimit\u00e9<\/strong><\/span> et l\u2019esprit de <span style=\"color: #0c3183;\"><strong>partage<\/strong><\/span> et de <span style=\"color: #0c3183;\"><strong>solidarit\u00e9<\/strong><\/span> est activement nourri, y compris avec les partenaires. Le regroupement des forces, des comp\u00e9tences et des disponibilit\u00e9s au sein de notre r\u00e9seau nous permet de prendre en charge des <span style=\"color: #0c3183;\"><strong>volumes importants dans des d\u00e9lais int\u00e9ressants<\/strong><\/span> pour notre client\u00e8le et de proposer offrir un <span style=\"color: #0c3183;\"><strong>large \u00e9ventail de domaines de sp\u00e9cialit\u00e9<\/strong><\/span>.[\/vc_column_text][vc_empty_space][vc_empty_space][\/vc_column][vc_column width=&#8220;1\/3&#8243;][vc_single_image image=&#8220;16106&#8243; img_size=&#8220;640&#215;480&#8243; alignment=&#8220;center&#8220; qode_css_animation=&#8220;&#8220;][vc_separator type=&#8220;transparent&#8220;][vc_column_text]<\/p>\n<h4 id=\"valeurs\" style=\"text-align: left;\"><span style=\"color: #f06600;\"><strong>Swissness<\/strong><\/span><\/h4>\n<div id=\"gtx-trans\" style=\"position: absolute; left: 67px; top: -6.28125px;\">\n<div class=\"gtx-trans-icon\"><\/div>\n<\/div>\n<p>[\/vc_column_text][vc_separator type=&#8220;transparent&#8220;][vc_column_text]Implant\u00e9s dans le <span style=\"color: #0c3183;\"><strong>canton de Gen\u00e8ve depuis 2007<\/strong><\/span>, nous travaillons exclusivement sur le <span style=\"color: #0c3183;\"><strong>march\u00e9 suisse<\/strong><\/span> et avec des <span style=\"color: #0c3183;\"><strong>partenaires bas\u00e9\u2219e\u2219s en Suisse<\/strong><\/span>. Nous sommes familiaris\u00e9\u2219e\u2219s avec le syst\u00e8me politique, juridique, \u00e9conomique et culturel de la Suisse et disposons d\u2019un <span style=\"color: #0c3183;\"><strong>large r\u00e9seau de contacts<\/strong><\/span>, qui s\u2019\u00e9tend de Gen\u00e8ve \u00e0 Zurich et du Tessin au Jura en passant, bien entendu, par le carrefour bernois.[\/vc_column_text][vc_empty_space][\/vc_column][\/vc_row][vc_row css_animation=&#8220;&#8220; row_type=&#8220;row&#8220; use_row_as_full_screen_section=&#8220;no&#8220; type=&#8220;full_width&#8220; angled_section=&#8220;no&#8220; text_align=&#8220;left&#8220; background_image_as_pattern=&#8220;without_pattern&#8220;][vc_column][vc_empty_space][vc_empty_space][\/vc_column][\/vc_row]<\/p>\n","protected":false},"excerpt":{"rendered":"<p>[vc_row css_animation=&#8220;&#8220; row_type=&#8220;row&#8220; use_row_as_full_screen_section=&#8220;no&#8220; type=&#8220;full_width&#8220; angled_section=&#8220;no&#8220; text_align=&#8220;left&#8220; background_image_as_pattern=&#8220;without_pattern&#8220;][vc_column][vc_empty_space][\/vc_column][\/vc_row][vc_row css_animation=&#8220;&#8220; row_type=&#8220;row&#8220; use_row_as_full_screen_section=&#8220;no&#8220; type=&#8220;full_width&#8220; angled_section=&#8220;no&#8220; text_align=&#8220;left&#8220; background_image_as_pattern=&#8220;without_pattern&#8220;][vc_column][vc_column_text] SO FUNKTIONIEREN WIR [\/vc_column_text][vc_separator type=&#8220;transparent&#8220;][vc_column_text] Lorsque le GTGE a \u00e9t\u00e9 cr\u00e9\u00e9 en 2007, l\u2019objectif \u00e9tait de combiner les avantages du statut d\u2019ind\u00e9pendant\u2219e, tant pour les clients que pour nous en&#8230;<\/p>\n","protected":false},"author":1,"featured_media":0,"parent":0,"menu_order":0,"comment_status":"closed","ping_status":"closed","template":"full_width.php","meta":{"_oct_exclude_from_cache":false,"footnotes":""},"class_list":["post-16339","page","type-page","status-publish","hentry"],"_links":{"self":[{"href":"https:\/\/gtge.ch\/de\/wp-json\/wp\/v2\/pages\/16339"}],"collection":[{"href":"https:\/\/gtge.ch\/de\/wp-json\/wp\/v2\/pages"}],"about":[{"href":"https:\/\/gtge.ch\/de\/wp-json\/wp\/v2\/types\/page"}],"author":[{"embeddable":true,"href":"https:\/\/gtge.ch\/de\/wp-json\/wp\/v2\/users\/1"}],"replies":[{"embeddable":true,"href":"https:\/\/gtge.ch\/de\/wp-json\/wp\/v2\/comments?post=16339"}],"version-history":[{"count":0,"href":"https:\/\/gtge.ch\/de\/wp-json\/wp\/v2\/pages\/16339\/revisions"}],"wp:attachment":[{"href":"https:\/\/gtge.ch\/de\/wp-json\/wp\/v2\/media?parent=16339"}],"curies":[{"name":"wp","href":"https:\/\/api.w.org\/{rel}","templated":true}]}}