{"id":16327,"date":"2014-05-20T07:51:11","date_gmt":"2014-05-20T05:51:11","guid":{"rendered":"http:\/\/gtge.ch\/home\/"},"modified":"2022-03-22T12:49:04","modified_gmt":"2022-03-22T11:49:04","slug":"home","status":"publish","type":"page","link":"https:\/\/gtge.ch\/de\/","title":{"rendered":"HOME"},"content":{"rendered":"<p>[vc_row css_animation=&#8220;&#8220; row_type=&#8220;row&#8220; use_row_as_full_screen_section=&#8220;no&#8220; type=&#8220;full_width&#8220; angled_section=&#8220;no&#8220; text_align=&#8220;left&#8220; background_image_as_pattern=&#8220;without_pattern&#8220;][vc_column][vc_column_text]<!--vcv no format--><\/p>\n<div class=\"vce-row-container\" data-vce-boxed-width=\"true\">\n<div id=\"el-7ae7dc23\" class=\"vce-row vce-row--col-gap-30 vce-row-equal-height vce-row-columns--top vce-row-content--top\" data-vce-do-apply=\"all el-7ae7dc23\">\n<div class=\"vce-row-content\" data-vce-element-content=\"true\">\n<div id=\"el-d293d325\" class=\"vce-col vce-col--md-auto vce-col--xs-1 vce-col--xs-last vce-col--xs-first vce-col--sm-last vce-col--sm-first vce-col--md-last vce-col--lg-last vce-col--xl-last vce-col--md-first vce-col--lg-first vce-col--xl-first\">\n<div class=\"vce-col-inner\" data-vce-do-apply=\"border margin background el-d293d325\">\n<div class=\"vce-col-content\" data-vce-element-content=\"true\" data-vce-do-apply=\"padding el-d293d325\">\n<div class=\"vce-text-block\">\n<div id=\"el-412f4043\" class=\"vce-text-block-wrapper vce\" data-vce-do-apply=\"all el-412f4043\">\n<p>[\/vc_column_text][\/vc_column][\/vc_row][vc_row css_animation=&#8220;&#8220; row_type=&#8220;row&#8220; use_row_as_full_screen_section=&#8220;no&#8220; type=&#8220;grid&#8220; angled_section=&#8220;no&#8220; text_align=&#8220;center&#8220; background_image_as_pattern=&#8220;without_pattern&#8220; padding_top=&#8220;86&#8243; padding_bottom=&#8220;40&#8243; el_class=&#8220;custom-icon-styles&#8220; z_index=&#8220;&#8220; background_color=&#8220;rgba(191,191,191,0.04)&#8220;][vc_column][vc_row_inner row_type=&#8220;row&#8220; type=&#8220;full_width&#8220; text_align=&#8220;center&#8220; css_animation=&#8220;element_from_bottom&#8220; transition_delay=&#8220;300&#8243;][vc_column_inner width=&#8220;1\/3&#8243;]<span data-type=\"circle\" data-hover-bg-color=\"#1e3b7a\" data-hover-icon-color=\"#1e3b7a\" class=\"qode_icon_shortcode fa-stack q_font_awsome_icon_stack fa-lg  \" style=\"font-size: 30px;font-size: 70px; \"><a  itemprop=\"url\" href=\"\/prestations#services\" target=\"_self\"><i class=\"fa fa-circle fa-stack-base fa-stack-2x\" style=\"color: #1e3b7a;\"><\/i><i class=\"qode_icon_font_awesome fa fa-briefcase qode_icon_element fa-stack-1x\" style=\"font-size: 30px;color: #1e3b7a;\" ><\/i><\/a><\/span>[vc_separator type=&#8220;transparent&#8220; up=&#8220;34&#8243; down=&#8220;0&#8243;][vc_column_text]<\/p>\n<h3 style=\"text-align: center;\"><span style=\"color: #1e3b7a;\"><a style=\"color: #1e3b7a;\" href=\"http:\/\/gtge.ch\/de\/unser-angebot\/#services\">Service<\/a><\/span><\/h3>\n<div id=\"gtx-trans\" style=\"position: absolute; left: 258px; top: -4.09375px;\">\n<div class=\"gtx-trans-icon\"><\/div>\n<\/div>\n<p>[\/vc_column_text][vc_separator type=&#8220;transparent&#8220; up=&#8220;25&#8243; down=&#8220;0&#8243;][\/vc_column_inner][vc_column_inner width=&#8220;1\/3&#8243;]<span data-type=\"circle\"  data-hover-icon-color=\"#1e3b7a\" class=\"qode_icon_shortcode fa-stack q_font_awsome_icon_stack fa-lg  \" style=\"font-size: 30px;font-size: 70px; \"><a  itemprop=\"url\" href=\"\/prestations#domaines_activite\" target=\"_self\"><i class=\"fa fa-circle fa-stack-base fa-stack-2x\" style=\"color: #f9f9f9;\"><\/i><i class=\"qode_icon_font_awesome fa fa-pie-chart qode_icon_element fa-stack-1x\" style=\"font-size: 30px;color: #1e3b7a;\" ><\/i><\/a><\/span>[vc_separator type=&#8220;transparent&#8220; up=&#8220;34&#8243; down=&#8220;0&#8243;][vc_column_text]<\/p>\n<h3 style=\"text-align: center;\"><a href=\"\/de\/unser-angebot\/#themengebiete\"><span style=\"color: #0c3183;\">Themengebiete<\/span><\/a><\/h3>\n<div id=\"gtx-trans\" style=\"position: absolute; left: 95px; top: -4.09375px;\">\n<div class=\"gtx-trans-icon\"><\/div>\n<\/div>\n<p>[\/vc_column_text][vc_separator type=&#8220;transparent&#8220; up=&#8220;25&#8243; down=&#8220;0&#8243;][\/vc_column_inner][vc_column_inner width=&#8220;1\/3&#8243;]<span data-type=\"circle\"   class=\"qode_icon_shortcode fa-stack q_font_awsome_icon_stack fa-lg  \" style=\"font-size: 30px;font-size: 70px; \"><a  itemprop=\"url\" href=\"\/prestations#tarifs\" target=\"_self\"><i class=\"fa fa-circle fa-stack-base fa-stack-2x\" style=\"color: #f9f9f9;\"><\/i><i class=\"qode_icon_font_awesome fa fa-handshake-o qode_icon_element fa-stack-1x\" style=\"font-size: 30px;color: #1e3b7a;\" ><\/i><\/a><\/span>[vc_separator type=&#8220;transparent&#8220; up=&#8220;44&#8243; down=&#8220;0&#8243;][vc_column_text]<\/p>\n<h3 style=\"text-align: center;\"><a href=\"http:\/\/gtge.ch\/de\/unser-angebot\/#tarifs\"><span style=\"color: #0c3183;\">Preise<\/span><\/a><\/h3>\n<div id=\"gtx-trans\" style=\"position: absolute; left: 276px; top: 51.9062px;\">\n<div class=\"gtx-trans-icon\"><\/div>\n<\/div>\n<p>[\/vc_column_text][vc_separator type=&#8220;transparent&#8220; up=&#8220;25&#8243; down=&#8220;0&#8243;][\/vc_column_inner][\/vc_row_inner][\/vc_column][\/vc_row][vc_row css_animation=&#8220;&#8220; row_type=&#8220;row&#8220; use_row_as_full_screen_section=&#8220;no&#8220; type=&#8220;grid&#8220; angled_section=&#8220;no&#8220; text_align=&#8220;left&#8220; background_image_as_pattern=&#8220;without_pattern&#8220; css=&#8220;.vc_custom_1596538370039{background-color: #f7f7f7 !important;}&#8220; z_index=&#8220;&#8220;][vc_column][vc_empty_space][vc_empty_space][vc_row_inner row_type=&#8220;row&#8220; type=&#8220;full_width&#8220; text_align=&#8220;left&#8220; css_animation=&#8220;&#8220;][vc_column_inner width=&#8220;1\/2&#8243;][vc_empty_space][vc_column_text]<\/p>\n<h3><span style=\"color: #f06600;\">\u00dcBER UNS<\/span><\/h3>\n<p>[\/vc_column_text][vc_empty_space][vc_column_text]<\/p>\n<p style=\"text-align: left;\">Wir sind eine <span style=\"color: #0c3183;\"><strong>Gruppe freischaffender \u00dcbersetzerinnen und \u00dcbersetzer<\/strong><\/span> mit Diplom von der Fakult\u00e4t f\u00fcr \u00dcbersetzen und Dolmetschen (FTI) der <span style=\"color: #0c3183;\"><strong>Universit\u00e4t Genf<\/strong><\/span>. Wir sind zertifizierte Mitglieder des <span style=\"color: #0c3183;\"><strong>Schweizerischen \u00dcbersetzerverbands ASTTI<\/strong><\/span>.<\/p>\n<p>[\/vc_column_text][vc_separator type=&#8220;transparent&#8220; up=&#8220;42&#8243; down=&#8220;0&#8243;]<a  itemprop=\"url\" href=\"#\" target=\"_self\"  class=\"qbutton  default\" style=\"\">Unsere Gruppe, Mitglieder und Partner<\/a>[vc_separator type=&#8220;transparent&#8220; up=&#8220;42&#8243; down=&#8220;0&#8243;][\/vc_column_inner][vc_column_inner width=&#8220;1\/2&#8243;][vc_single_image image=&#8220;15940&#8243; img_size=&#8220;full&#8220; qode_css_animation=&#8220;&#8220;][\/vc_column_inner][\/vc_row_inner][vc_empty_space][vc_empty_space][\/vc_column][\/vc_row][vc_row css_animation=&#8220;element_from_fade&#8220; row_type=&#8220;row&#8220; use_row_as_full_screen_section=&#8220;no&#8220; type=&#8220;grid&#8220; angled_section=&#8220;no&#8220; text_align=&#8220;left&#8220; background_image_as_pattern=&#8220;without_pattern&#8220; background_color=&#8220;#f9f9f9&#8243; padding_top=&#8220;87&#8243; padding_bottom=&#8220;88&#8243; transition_delay=&#8220;150&#8243; z_index=&#8220;&#8220; css=&#8220;.vc_custom_1596538458036{background-color: #ffffff !important;}&#8220;][vc_column][vc_column_text]<\/p>\n<h3 style=\"text-align: center;\"><span style=\"color: #f06600;\">UNSERE PHILOSOPHIE<br \/>\n<\/span><\/h3>\n<p>[\/vc_column_text][vc_separator type=&#8220;transparent&#8220; up=&#8220;42&#8243; down=&#8220;0&#8243;][vc_column_text]<\/p>\n<p style=\"text-align: center;\">\u00dcbersetzen heisst Mehrwert schaffen. Dies geschieht durch das geschickte \u00dcbertragen des Sinns und Zwecks, der Denk- und Schreibweise von einer Sprache in die andere. <span style=\"color: #0c3183;\"><strong>Aber echter Mehrwert entsteht nur da, wo er Sinn ergibt.<\/strong><\/span> Sinn, weil die Bedeutung stimmt, aber auch Sinn, weil er sinnstiftenden Werten entspricht. In unserer Arbeit, in unserer Beziehung zu Kunden und Partnern setzen wir alles daran, diese Werte zu leben: <strong><span style=\"color: #0c3183;\">Menschlichkeit, Verl\u00e4sslichkeit, Qualit\u00e4t und Transparenz.<\/span> <\/strong><\/p>\n<p>[\/vc_column_text][vc_empty_space][vc_row_inner row_type=&#8220;row&#8220; type=&#8220;full_width&#8220; text_align=&#8220;left&#8220; css_animation=&#8220;&#8220;][vc_column_inner width=&#8220;1\/3&#8243;][\/vc_column_inner][vc_column_inner width=&#8220;1\/3&#8243;]<a  itemprop=\"url\" href=\"#\" target=\"_self\"  class=\"qbutton  medium center enlarge\" style=\"border-radius: 10px;-moz-border-radius: 10px;-webkit-border-radius: 10px; \">Unsere St\u00e4rken und Werte<\/a>[\/vc_column_inner][vc_column_inner width=&#8220;1\/3&#8243;][\/vc_column_inner][\/vc_row_inner][\/vc_column][\/vc_row][vc_row css_animation=&#8220;element_from_fade&#8220; row_type=&#8220;row&#8220; use_row_as_full_screen_section=&#8220;no&#8220; type=&#8220;grid&#8220; angled_section=&#8220;no&#8220; text_align=&#8220;left&#8220; background_image_as_pattern=&#8220;without_pattern&#8220; background_color=&#8220;#f9f9f9&#8243; padding_top=&#8220;87&#8243; padding_bottom=&#8220;88&#8243; transition_delay=&#8220;150&#8243; z_index=&#8220;&#8220;][vc_column][vc_column_text]<\/p>\n<h3 style=\"text-align: center;\"><span style=\"color: #f06600;\">UNSERE KUNDINNEN UND KUNDEN \u00dcBER UNS<\/span><\/h3>\n<p>[\/vc_column_text][vc_separator type=&#8220;transparent&#8220; up=&#8220;42&#8243; down=&#8220;0&#8243;]<div class='testimonials_holder clearfix dark'><div class=\"testimonials testimonials_carousel\" data-show-navigation=\"yes\" data-animation-type=\"fade\" data-animation-speed=\"\" data-auto-rotate-slides=\"3\" data-number-per-slide=\"1\"><ul class=\"slides\"><li id=\"testimonials16603\" class=\"testimonial_content\"><div class=\"testimonial_content_inner\"><div class=\"testimonial_text_holder\"><div class=\"testimonial_text_inner\" style=\"\"><p>\u00abFlexibilit\u00e9, respect des d\u00e9lais et qualit\u00e9 des traductions sont autant d\u2019\u00e9l\u00e9ments qui nous ont convaincus d\u2019ajouter le GTGE \u00e0 notre liste de traducteurs externes.\u00bb<\/p><p class=\"testimonial_author\" style=\"\">Marc R\u00fcegger, Service linguistique de l\u2019Office f\u00e9d\u00e9ral des assurances sociales<\/p><\/div><\/div><\/div><\/li><li id=\"testimonials16418\" class=\"testimonial_content\"><div class=\"testimonial_content_inner\"><div class=\"testimonial_text_holder\"><div class=\"testimonial_text_inner\" style=\"\"><p>\u00abDie GTGE liefert zuverl\u00e4ssig qualitativ hochwertige \u00dcbersetzungen bei kurzen Lieferfristen. Ich kann mich dabei auf die Konsistenz der unternehmensspezifischen Fachbegriffe verlassen und im Mailverkehr ist immer auch noch Platz f\u00fcr eine pers\u00f6nliche Zeile.\u00bb<\/p><p class=\"testimonial_author\" style=\"\">Anita Schaub, Fondation EQUIPE VOLO<\/p><\/div><\/div><\/div><\/li><li id=\"testimonials16417\" class=\"testimonial_content\"><div class=\"testimonial_content_inner\"><div class=\"testimonial_text_holder\"><div class=\"testimonial_text_inner\" style=\"\"><p>\u00abSchon seit einigen Jahren arbeiten wir mit der GTGE zusammen und sind immer wieder begeistert. Die GTGE bringt den Text auf den Punkt, sei es in Inseraten oder in Medienmitteilungen. Sie denken mit, machen auf Ungereimheiten aufmerksam (ups!) und schlagen coole Wortkreationen, Wortneusch\u00f6fpungen etc. vor.\u00bb<\/p><p class=\"testimonial_author\" style=\"\">Karin Burn, reCIRCLE AG<\/p><\/div><\/div><\/div><\/li><li id=\"testimonials16415\" class=\"testimonial_content\"><div class=\"testimonial_content_inner\"><div class=\"testimonial_text_holder\"><div class=\"testimonial_text_inner\" style=\"\"><p>\u00abGTGE ist f\u00fcr uns zum Standard f\u00fcr unsere \u00dcbersetzungen vom Franz\u00f6sisch ins Deutsch geworden, da uns die Qualit\u00e4t, der Preis und die Zuverl\u00e4ssigkeit \u00fcberzeugt haben!\u00bb<\/p><p class=\"testimonial_author\" style=\"\">Markus Meury, Addiction Suisse<\/p><\/div><\/div><\/div><\/li><li id=\"testimonials16416\" class=\"testimonial_content\"><div class=\"testimonial_content_inner\"><div class=\"testimonial_text_holder\"><div class=\"testimonial_text_inner\" style=\"\"><p>\u00abMit der GTGE zu arbeiten ist sehr einfach: Sie antworten immer innert k\u00fcrzester Zeit, so dass ich genau weiss, bis wann ich mit dem \u00fcbersetzten Text rechnen kann. Mit der Qualit\u00e4t ihrer Arbeit bin ich stets zufrieden, denn sie haben sich \u2018unser\u2019  Vokabular angeeignet und verwenden es konsequent.\u00bb<\/p><p class=\"testimonial_author\" style=\"\">Daniel Bachofner, PRO VELO Suisse<\/p><\/div><\/div><\/div><\/li><\/ul><\/div><\/div>[\/vc_column][\/vc_row][vc_row css_animation=&#8220;&#8220; row_type=&#8220;row&#8220; use_row_as_full_screen_section=&#8220;no&#8220; type=&#8220;full_width&#8220; angled_section=&#8220;no&#8220; text_align=&#8220;left&#8220; background_image_as_pattern=&#8220;without_pattern&#8220;][vc_column][vc_column_text]<\/p>\n<\/div>\n<\/div>\n<\/div>\n<\/div>\n<\/div>\n<\/div>\n<\/div>\n<\/div>\n<p><!--vcv no format-->[\/vc_column_text][\/vc_column][\/vc_row]<\/p>\n","protected":false},"excerpt":{"rendered":"<p>[vc_row css_animation=&#8220;&#8220; row_type=&#8220;row&#8220; use_row_as_full_screen_section=&#8220;no&#8220; type=&#8220;full_width&#8220; angled_section=&#8220;no&#8220; text_align=&#8220;left&#8220; background_image_as_pattern=&#8220;without_pattern&#8220;][vc_column][vc_column_text] [\/vc_column_text][\/vc_column][\/vc_row][vc_row css_animation=&#8220;&#8220; row_type=&#8220;row&#8220; use_row_as_full_screen_section=&#8220;no&#8220; type=&#8220;grid&#8220; angled_section=&#8220;no&#8220; text_align=&#8220;center&#8220; background_image_as_pattern=&#8220;without_pattern&#8220; padding_top=&#8220;86&#8243; padding_bottom=&#8220;40&#8243; el_class=&#8220;custom-icon-styles&#8220; z_index=&#8220;&#8220; background_color=&#8220;rgba(191,191,191,0.04)&#8220;][vc_column][vc_row_inner row_type=&#8220;row&#8220; type=&#8220;full_width&#8220; text_align=&#8220;center&#8220; css_animation=&#8220;element_from_bottom&#8220; transition_delay=&#8220;300&#8243;][vc_column_inner width=&#8220;1\/3&#8243;][vc_separator type=&#8220;transparent&#8220; up=&#8220;34&#8243; down=&#8220;0&#8243;][vc_column_text] Service [\/vc_column_text][vc_separator type=&#8220;transparent&#8220; up=&#8220;25&#8243; down=&#8220;0&#8243;][\/vc_column_inner][vc_column_inner width=&#8220;1\/3&#8243;][vc_separator type=&#8220;transparent&#8220; up=&#8220;34&#8243; down=&#8220;0&#8243;][vc_column_text] Themengebiete [\/vc_column_text][vc_separator type=&#8220;transparent&#8220; up=&#8220;25&#8243; down=&#8220;0&#8243;][\/vc_column_inner][vc_column_inner width=&#8220;1\/3&#8243;][vc_separator&#8230;<\/p>\n","protected":false},"author":2,"featured_media":0,"parent":0,"menu_order":0,"comment_status":"open","ping_status":"closed","template":"full_width.php","meta":{"_oct_exclude_from_cache":false,"footnotes":""},"class_list":["post-16327","page","type-page","status-publish","hentry"],"_links":{"self":[{"href":"https:\/\/gtge.ch\/de\/wp-json\/wp\/v2\/pages\/16327"}],"collection":[{"href":"https:\/\/gtge.ch\/de\/wp-json\/wp\/v2\/pages"}],"about":[{"href":"https:\/\/gtge.ch\/de\/wp-json\/wp\/v2\/types\/page"}],"author":[{"embeddable":true,"href":"https:\/\/gtge.ch\/de\/wp-json\/wp\/v2\/users\/2"}],"replies":[{"embeddable":true,"href":"https:\/\/gtge.ch\/de\/wp-json\/wp\/v2\/comments?post=16327"}],"version-history":[{"count":0,"href":"https:\/\/gtge.ch\/de\/wp-json\/wp\/v2\/pages\/16327\/revisions"}],"wp:attachment":[{"href":"https:\/\/gtge.ch\/de\/wp-json\/wp\/v2\/media?parent=16327"}],"curies":[{"name":"wp","href":"https:\/\/api.w.org\/{rel}","templated":true}]}}